{"id":6,"date":"2017-04-10T16:10:14","date_gmt":"2017-04-10T14:10:14","guid":{"rendered":"http:\/\/michaelwoolworth.com\/?page_id=6"},"modified":"2026-04-23T11:14:17","modified_gmt":"2026-04-23T09:14:17","slug":"accueil","status":"publish","type":"page","link":"https:\/\/www.michaelwoolworth.com\/?page_id=6&lang=fr","title":{"rendered":"News"},"content":{"rendered":"","protected":false},"excerpt":{"rendered":"","protected":false},"author":1,"featured_media":0,"parent":0,"menu_order":25,"comment_status":"closed","ping_status":"closed","template":"","meta":[],"class_list":["post-6","page","type-page","status-publish","hentry"],"grid":"{\r\n  \"colCount\": 12,\r\n  \"colGutter\": 2,\r\n  \"rowGutters\": [\r\n    2,\r\n    4\r\n  ],\r\n  \"frameMargin\": 15,\r\n  \"leftFrameMargin\": 15,\r\n  \"rightFrameMargin\": 15,\r\n  \"topFrameMargin\": 10,\r\n  \"bottomFrameMargin\": 10,\r\n  \"rowAttrs\": [\r\n    {\r\n      \"relid\": 2\r\n    },\r\n    {\r\n      \"relid\": 1\r\n    },\r\n    {\r\n      \"relid\": 12\r\n    }\r\n  ],\r\n  \"bgColor\": null,\r\n  \"cont\": [\r\n    {\r\n      \"type\": \"text\",\r\n      \"cont\": \"<p class=\\\"_Default\\\" style=\\\"text-align: center;\\\"><span class=\\\"_XL\\\">Tirages originaux, livres d'artistes <br \/>et multiples en vente<br \/><\/span><br \/><span style=\\\"font-size: 24px;\\\">Une s\u00e9lection de plus de 100 artistes contemporain <br \/>imprim\u00e9e et \u00e9dit\u00e9e par nos soins depuis 1985<\/span><\/p><p class=\\\"_Large\\\">Cliquez sur la page <a href=\\\"https:\/\/www.michaelwoolworth.com\/artists\/\\\">Artistes<\/a> pour consulter les \u0153uvres.<br \/><br \/>Les acquisitions peuvent se faire dans notre espace \u00e0 Paris <br \/>ou par exp\u00e9dition avec un paiement par virement.<br \/>Fa\u00eetes-nous un email.<\/p><p>\u00a0<\/p><p style=\\\"text-align: center;\\\"><strong>Nous sommes ouvert du lundi au vendredi de 11h \u00e0 19h.<br \/>Samedi dimanche sur rendez-vous<\/strong><\/p><p>\u00a0<\/p><p>\u00a0<\/p>\",\r\n      \"align\": \"middle\",\r\n      \"row\": 0,\r\n      \"col\": 0,\r\n      \"colspan\": 12,\r\n      \"offsetx\": 0,\r\n      \"offsety\": 0,\r\n      \"spaceabove\": 0,\r\n      \"spacebelow\": 0,\r\n      \"yvel\": 1,\r\n      \"push\": 0,\r\n      \"relid\": 3,\r\n      \"absolute_position\": false,\r\n      \"frameOverflow\": \"\"\r\n    },\r\n    {\r\n      \"type\": \"img\",\r\n      \"cont\": \"\/wp-content\/uploads\/2025\/12\/MW_HD-1-33.gif\",\r\n      \"align\": \"middle\",\r\n      \"row\": 1,\r\n      \"col\": 2,\r\n      \"colspan\": 8,\r\n      \"offsetx\": 0,\r\n      \"offsety\": 0,\r\n      \"spaceabove\": 0,\r\n      \"spacebelow\": 0,\r\n      \"yvel\": 1,\r\n      \"push\": 2,\r\n      \"relid\": 4,\r\n      \"attid\": 4912,\r\n      \"sizes\": {\r\n        \"full\": \"\/wp-content\/uploads\/2025\/12\/MW_HD-1-33.gif\",\r\n        \"_2560\": \"\/wp-content\/uploads\/2025\/12\/MW_HD-1-33-2560x1706.gif\",\r\n        \"_1920\": \"\/wp-content\/uploads\/2025\/12\/MW_HD-1-33-1920x1280.gif\",\r\n        \"_1280\": \"\/wp-content\/uploads\/2025\/12\/MW_HD-1-33-1280x853.gif\",\r\n        \"_1024\": \"\/wp-content\/uploads\/2025\/12\/MW_HD-1-33-1024x682.gif\",\r\n        \"_768\": \"\/wp-content\/uploads\/2025\/12\/MW_HD-1-33-768x512.gif\",\r\n        \"_512\": \"\/wp-content\/uploads\/2025\/12\/MW_HD-1-33-512x341.gif\",\r\n        \"_265\": \"\/wp-content\/uploads\/2025\/12\/MW_HD-1-33-265x177.gif\"\r\n      },\r\n      \"w\": 2800,\r\n      \"h\": 1866,\r\n      \"ar\": 0.6664285714285715,\r\n      \"alt\": \"\",\r\n      \"absolute_position\": false,\r\n      \"frameOverflow\": \"\"\r\n    },\r\n    {\r\n      \"type\": \"text\",\r\n      \"cont\": \"<p style=\\\"text-align: center;\\\"><span class=\\\"_XL\\\">EXPOSITIONS<\/span><\/p><p>\u00a0<\/p><p style=\\\"text-align: center;\\\">\u00c9v\u00e9nements en cours et \u00e0 venir :<strong><\/strong><\/p><p>- Poetry Night\u00a0<br \/>Une soir\u00e9e Double Change\/Woolworth\u00a0<br \/><strong>Suzanne Doppelt\u00a0 Carla Harryman<\/strong><br \/><strong>Cole Swensen\u00a0 Barrett Watten<\/strong><br \/>Atelier Woolworth de 19h \u00e0 21h<br \/>Lundi 4 mai, 2026<\/p><p>\u00a0<\/p><p>- <em>La licorne, l'\u00e9toile et la lune<\/em><br \/><strong>Lamarche-Ovize<\/strong><br \/>Estampes, dessins, sculptures, mobilier et installations<br \/>Mus\u00e9e de la Chasse et de la Nature<br \/>Paris<br \/>Du 14 octobre, 2025 au 8 mars, 2026<br \/><br \/><br \/><em>- R\u00e9p\u00e9ter - muter<\/em><br \/><strong>Djamel Tatah<\/strong><br \/>Estampes et tableaux<br \/>Mus\u00e9e des Beaux Arts et Mus\u00e9e Magnin, Dijon<br \/>Du 22 mai au 20 septembre, 2026<\/p><p>\u00a0<\/p><p>- <b><em>Les Georgiques<\/em> de Virgile<\/b><br \/>Une soir\u00e9e de lectures par <strong>Blaise Drummond<\/strong><br \/>et<strong> Fr\u00e9d\u00e9ric Boyer\u00a0<\/strong>de certains passages des <em>Georgiques<\/em>, hommage \u00e0 <br \/>la parution de notre nouveau livre d'artiste, <em>Know Your Trees<\/em>.\u00a0<br \/>Fr\u00e9d\u00e9ric Boyer parlera aussi de l'importance des <em>Georgiques<\/em>.<br \/><br \/>Lundi, le 17 novembre<br \/>Une soir\u00e9e Woolworth\/Double Change de 19h \u00e0 21h.<br \/>Atelier Woolworth, Paris<br \/><br \/><br \/>- <a href=\\\"https:\/\/www.paris-danube-print-salon.fr\/\\\"><strong>Paris Danube Print Salon<\/strong><\/a><br \/>Un tout nouveau salon sur l'estampe contemporaine<br \/>Hotel du Danube<br \/>58, rue Jacob, 75006 Paris<br \/>L'atelier pr\u00e9sentera une s\u00e9lection de ses \u00e9ditions r\u00e9centes<br \/>November 21, 22 &amp; 23<br \/><br \/><br \/>- <em>I'll be 40 - Je vais avoir 40 ans<\/em><br \/>Une exposition qui f\u00eate les 40 ann\u00e9es d'existence de l'atelier avec les productions r\u00e9centes de<br \/><strong>Atak, Abdelkader Benchamma, Paul Collins, M\u00e9lanie Delattre-Vogt,\u00a0 Marc Desgrandchamps, Pierre Di Sciullo, Brecht Evens, Gilgian Gelzer, Lamarche-Ovize, M\u00efrka Lugosi, William MacKendree, Maude Maris, Kate McCrickard,<br \/>Jill Mulleady,\u00a0Daniel Nadaud, Farhad Ostovani, Adam Pendleton, Katia Santibanez, Christian Schwarzwald, Massinissa Selmani, James Siena, Djamel Tatah<\/strong><br \/><br \/>Atelier Michael Woolworth, Paris<br \/>Du 12 d\u00e9cembre, 2025 au 14 f\u00e9vrier, 2026<br \/><br \/><\/p><div id=\\\"mailtorapidequestionPopupMail\\\">- <em>Le repaire de la M\u00e9duse\u00a0<\/em><br \/><strong>Brecht Evens<\/strong><\/div><div>Une importante exposition monographique de tous nos collaborations depuis 2015 avec Brecht Evens, accompagn\u00e9 d'un catalogue \u00e9dit\u00e9 chez Actes Sud<br \/><a rel=\\\"noopener\\\" href=\\\"https:\/\/www.cherbourg.fr\/agendas-et-actus\/agenda\/evenement\/biennale-du-9e-art-brecht-evens-le-repaire-de-la-meduse\/\\\" target=\\\"_blank\\\" data-cke-saved-href=\\\"https:\/\/www.cherbourg.fr\/agendas-et-actus\/agenda\/evenement\/biennale-du-9e-art-brecht-evens-le-repaire-de-la-meduse\/\\\">Mus\u00e9e Thomas Henry, Cherbourg<\/a><br \/>Jusqu'au 16 novembre, 2025<br \/><br \/>- <em>Brecht Evens est press\u00e9 <\/em><br \/>\u00a0<strong>Brecht Evens<\/strong><br \/><a rel=\\\"noopener\\\" href=\\\"https:\/\/www.centredelagravure.be\/exhibition\/evens\/\\\" target=\\\"_blank\\\" data-cke-saved-href=\\\"https:\/\/www.centredelagravure.be\/exhibition\/evens\/\\\">Centre de la Gravure et l'Image Imprim\u00e9e<\/a><br \/>La Louvi\u00e8re, Belgium<br \/>Jusqu'au 21 novembre, 2025<br \/><br \/>-<em> Cosmos ou les Fant\u00f4mes de l'Amour<\/em><br \/>Dix expositions en simultan\u00e9 des tableaux lithographi\u00e9s et des installations de sculptures de <strong>Jean-Michel Othoniel<\/strong>.<br \/>Les travaux r\u00e9alis\u00e9s chez nous sont principalement dans la grand Tinel au Palais, mais aussi \u00e0 la Collection Lambert et au Mus\u00e9e Requien<br \/><a rel=\\\"noopener\\\" href=\\\"https:\/\/palais-des-papes.com\/event\/cosmos-othoniel-ou-les-fantomes-de-lamour\/\\\" target=\\\"_blank\\\" data-cke-saved-href=\\\"https:\/\/palais-des-papes.com\/event\/cosmos-othoniel-ou-les-fantomes-de-lamour\/\\\">Palais des Papes<\/a>, Avignon<br \/>Jusqu'au 4 janvier, 2026\u00a0<br \/><br \/><\/div><p>\u00a0<\/p><p style=\\\"text-align: center;\\\"><a class=\\\"laybutton1 laybutton\\\" href=\\\"https:\/\/www.michaelwoolworth.com\/fr\/expositions\/\\\" data-type=\\\"page\\\" data-id=\\\"4173\\\" data-title=\\\"Expositions\\\">Voir toutes les expositions<\/a><\/p>\",\r\n      \"align\": \"top\",\r\n      \"row\": 2,\r\n      \"col\": 0,\r\n      \"colspan\": 6,\r\n      \"offsetx\": 0,\r\n      \"offsety\": 0,\r\n      \"spaceabove\": 0,\r\n      \"spacebelow\": 0,\r\n      \"yvel\": 1,\r\n      \"push\": 0,\r\n      \"relid\": 10,\r\n      \"absolute_position\": false\r\n    },\r\n    {\r\n      \"type\": \"text\",\r\n      \"cont\": \"<p class=\\\"_Default\\\" style=\\\"text-align: center;\\\"><span style=\\\"font-family: Willem MW;\\\"><span style=\\\"font-size: 28px;\\\">En cuisson<\/span><\/span><br \/>Projets d\u2019\u00e9dition sur le feu :<br \/><br \/><\/p><p class=\\\"_Default\\\">\u2013 3 gravures \u00e0 l'eau-forte et vernis mou de Pierre Mabille<br \/><br \/>\u2013 Une suite de monotypes de Claire Chesnier<br \/><br \/>\u2013 4 gravures eau-forte de M\u00e9lanie Delattre-Vogt<br \/><br \/>\u2013 Une lithographie en photogravure de Farhad Ostovani<br \/><br \/>\u2013 Une suite de 6 lithographies de Farhad Ostovani<br \/><br \/>\u2013 Une <em>mani\u00e8re noire<\/em> lithographie de Philippe Favier<br \/><br \/>\u2013 Une lithographie 120 x 80 cm de Fr\u00e9d\u00e9rique Loutz<br \/><br \/>\u2013 A 90\u00d763cm lithograph by Miquel Mont on Flamenco 45rpm cover designs<br \/><br \/>\u2013 A road trip litho series by Johann Rivat in situ the USA<br \/><br \/>\u2013 Artist book by St\u00e9phane Bordarier with poems by Fr\u00e9d\u00e9ric Forte<br \/><br \/>\u2013 <em>Disko Bugt<\/em>, an artist book by Peter Soriano<\/p>\",\r\n      \"align\": \"top\",\r\n      \"row\": 2,\r\n      \"col\": 6,\r\n      \"colspan\": 6,\r\n      \"offsetx\": 0,\r\n      \"offsety\": 0,\r\n      \"spaceabove\": 0,\r\n      \"spacebelow\": 0,\r\n      \"yvel\": 1,\r\n      \"push\": 0,\r\n      \"relid\": 9,\r\n      \"absolute_position\": false,\r\n      \"frameOverflow\": \"\"\r\n    }\r\n  ]\r\n}","phonegrid":"","_links":{"self":[{"href":"https:\/\/www.michaelwoolworth.com\/index.php?rest_route=\/wp\/v2\/pages\/6"}],"collection":[{"href":"https:\/\/www.michaelwoolworth.com\/index.php?rest_route=\/wp\/v2\/pages"}],"about":[{"href":"https:\/\/www.michaelwoolworth.com\/index.php?rest_route=\/wp\/v2\/types\/page"}],"author":[{"embeddable":true,"href":"https:\/\/www.michaelwoolworth.com\/index.php?rest_route=\/wp\/v2\/users\/1"}],"replies":[{"embeddable":true,"href":"https:\/\/www.michaelwoolworth.com\/index.php?rest_route=%2Fwp%2Fv2%2Fcomments&post=6"}],"version-history":[{"count":0,"href":"https:\/\/www.michaelwoolworth.com\/index.php?rest_route=\/wp\/v2\/pages\/6\/revisions"}],"wp:attachment":[{"href":"https:\/\/www.michaelwoolworth.com\/index.php?rest_route=%2Fwp%2Fv2%2Fmedia&parent=6"}],"curies":[{"name":"wp","href":"https:\/\/api.w.org\/{rel}","templated":true}]}}