{"id":3259,"date":"2022-03-03T15:51:25","date_gmt":"2017-04-10T14:10:14","guid":{"rendered":"https:\/\/dev.michaelwoolworth.com\/home-2\/"},"modified":"2026-04-23T11:13:11","modified_gmt":"2026-04-23T09:13:11","slug":"home","status":"publish","type":"page","link":"https:\/\/www.michaelwoolworth.com\/?page_id=3259","title":{"rendered":"News"},"content":{"rendered":"","protected":false},"excerpt":{"rendered":"","protected":false},"author":1,"featured_media":0,"parent":0,"menu_order":16,"comment_status":"closed","ping_status":"closed","template":"","meta":[],"class_list":["post-3259","page","type-page","status-publish","hentry"],"grid":"{\r\n  \"colCount\": 12,\r\n  \"colGutter\": 2,\r\n  \"rowGutters\": [\r\n    2,\r\n    4\r\n  ],\r\n  \"frameMargin\": 15,\r\n  \"leftFrameMargin\": 15,\r\n  \"rightFrameMargin\": 15,\r\n  \"topFrameMargin\": 10,\r\n  \"bottomFrameMargin\": 10,\r\n  \"rowAttrs\": [\r\n    {\r\n      \"relid\": 3\r\n    },\r\n    {\r\n      \"relid\": 1\r\n    },\r\n    {\r\n      \"relid\": 12\r\n    }\r\n  ],\r\n  \"bgColor\": null,\r\n  \"cont\": [\r\n    {\r\n      \"type\": \"text\",\r\n      \"cont\": \"<p class=\\\"_Title\\\">Original Prints, artists books <br \/>and multiples for sale<br \/><br \/>More than 100 contemporary artists <br \/>printed and published <br \/>in our Parisian workshop since 1985.\u00a0<\/p><p>\u00a0<\/p><p class=\\\"_Large\\\">Click on the <a href=\\\"https:\/\/www.michaelwoolworth.com\/artists\/\\\">Artists<\/a> page to browse all works<\/p><p class=\\\"_Large\\\">Purchases can be made in our Paris studio<br \/>or payment and shipping can be arranged by email<\/p><p style=\\\"text-align: center;\\\"><strong>We're open Monday to Friday <\/strong><strong>11am to 7pm<\/strong><\/p><p class=\\\"_Default\\\" style=\\\"text-align: center;\\\"><strong>Weekends by appointment only<\/strong><\/p>\",\r\n      \"align\": \"middle\",\r\n      \"row\": 0,\r\n      \"col\": 0,\r\n      \"colspan\": 12,\r\n      \"offsetx\": 0,\r\n      \"offsety\": 0,\r\n      \"spaceabove\": 0,\r\n      \"spacebelow\": 0,\r\n      \"yvel\": 1,\r\n      \"push\": 0,\r\n      \"relid\": 6,\r\n      \"absolute_position\": false,\r\n      \"frameOverflow\": \"\"\r\n    },\r\n    {\r\n      \"type\": \"img\",\r\n      \"cont\": \"\/wp-content\/uploads\/2025\/12\/MW_HD-1-33.gif\",\r\n      \"align\": \"middle\",\r\n      \"row\": 1,\r\n      \"col\": 2,\r\n      \"colspan\": 8,\r\n      \"offsetx\": 0,\r\n      \"offsety\": 0,\r\n      \"spaceabove\": 0,\r\n      \"spacebelow\": 0,\r\n      \"yvel\": 1,\r\n      \"push\": 2,\r\n      \"relid\": 5,\r\n      \"attid\": 4912,\r\n      \"sizes\": {\r\n        \"full\": \"\/wp-content\/uploads\/2025\/12\/MW_HD-1-33.gif\",\r\n        \"_2560\": \"\/wp-content\/uploads\/2025\/12\/MW_HD-1-33-2560x1706.gif\",\r\n        \"_1920\": \"\/wp-content\/uploads\/2025\/12\/MW_HD-1-33-1920x1280.gif\",\r\n        \"_1280\": \"\/wp-content\/uploads\/2025\/12\/MW_HD-1-33-1280x853.gif\",\r\n        \"_1024\": \"\/wp-content\/uploads\/2025\/12\/MW_HD-1-33-1024x682.gif\",\r\n        \"_768\": \"\/wp-content\/uploads\/2025\/12\/MW_HD-1-33-768x512.gif\",\r\n        \"_512\": \"\/wp-content\/uploads\/2025\/12\/MW_HD-1-33-512x341.gif\",\r\n        \"_265\": \"\/wp-content\/uploads\/2025\/12\/MW_HD-1-33-265x177.gif\"\r\n      },\r\n      \"w\": 2800,\r\n      \"h\": 1866,\r\n      \"ar\": 0.6664285714285715,\r\n      \"alt\": \"\",\r\n      \"absolute_position\": false,\r\n      \"frameOverflow\": \"\"\r\n    },\r\n    {\r\n      \"type\": \"text\",\r\n      \"cont\": \"<p class=\\\"_Default\\\" style=\\\"text-align: center;\\\"><span class=\\\"_XL\\\">EXHIBITIONS<br \/><\/span>Ongoing and upcoming exhibitions:<\/p><p>\u00a0<\/p><p>- Poetry Night\u00a0<br \/>A Double Change\/Woolworth evening<br \/><strong>Suzanne Doppelt\u00a0 Carla Harryman<\/strong><br \/><strong>Cole Swensen\u00a0 Barrett Watten<\/strong><br \/>Atelier Woolworth from 7 - 9 PM<br \/>Monday May 4, 2026<\/p><p>\u00a0<\/p><p>- <em>La licorne, l'\u00e9toile et la lune<\/em><br \/><strong>Lamarche-Ovize<\/strong><br \/>Prints, drawings and sculptures<br \/>Mus\u00e9e de la Chasse et de la Nature<br \/>Paris<br \/>October 14, 2025 - March 8, 2026<\/p><p><br \/><br \/><em>- R\u00e9p\u00e9ter - muter<\/em><br \/><strong>Djamel Tatah<\/strong><br \/>Estampes et tableaux<br \/>Mus\u00e9e des Beaux Arts et Mus\u00e9e Magnin, Dijon<br \/>Du 22 mai au 20 septembre, 2026<\/p><p><br \/><br \/>- <em>I'll be 40 - Je vais avoir 40 ans<\/em><br \/>Exhibition honoring the 40 years of existence of our printing press with recent works by<br \/><strong>Atak, Abdelkader Benchamma, Paul Collins, M\u00e9lanie Delattre-Vogt,\u00a0 Marc Desgrandchamps, Pierre Di Sciullo, Brecht Evens, Gilgian Gelzer, Lamarche-Ovize, M\u00efrka Lugosi, William MacKendree, Maude Maris, Kate McCrickard,<br \/>Jill Mulleady,\u00a0Daniel Nadaud, Farhad Ostovani, Adam Pendleton, Katia Santibanez, Christian Schwarzwald, Massinissa Selmani, James Siena, Djamel Tatah<\/strong><br \/><br \/>Atelier Michael Woolworth, Paris<br \/>December 12, 2025 - February 14, 2026<\/p><p>\u00a0<\/p><p>- <em>Le repaire de la M\u00e9duse (The Jellyfish Hideout)<\/em><br \/><strong>Brecht Evens<\/strong><br \/>An\u00a0extensive exhibition on his collaboration with our shop, including a catalogue by Actes Sud.<br \/><a rel=\\\"noopener\\\" href=\\\"https:\/\/www.cherbourg.fr\/agendas-et-actus\/agenda\/evenement\/biennale-du-9e-art-brecht-evens-le-repaire-de-la-meduse\/\\\" target=\\\"_blank\\\" data-cke-saved-href=\\\"https:\/\/www.cherbourg.fr\/agendas-et-actus\/agenda\/evenement\/biennale-du-9e-art-brecht-evens-le-repaire-de-la-meduse\/\\\">Mus\u00e9e Thomas Henry, Cherbourg<\/a><br \/>Until November 16, 2025<br \/><br \/><br \/>- <em>Brecht Evens est press\u00e9 <\/em><br \/><strong>Brecht Evens<\/strong><br \/><a rel=\\\"noopener\\\" href=\\\"https:\/\/www.centredelagravure.be\/exhibition\/evens\/\\\" target=\\\"_blank\\\" data-cke-saved-href=\\\"https:\/\/www.centredelagravure.be\/exhibition\/evens\/\\\">Centre de la Gravure et l'Image Imprim\u00e9e<\/a><br \/>La Louvi\u00e8re, Belgium<br \/>June 13 - November 21, 2025<br \/><br \/><br \/>-<em> Cosmos ou les Fant\u00f4mes de l'Amour<\/em><br \/>Ten simultaneous exhibitions of lithographic paintings and sculptures by <strong>Jean-Michel Othoniel<\/strong>.<br \/>Works created in collaboration with the print shop\u00a0will be shown at\u00a0the Palais des Papes and the Collection Lambert, among others...\u00a0<br \/><a rel=\\\"noopener\\\" href=\\\"https:\/\/palais-des-papes.com\/event\/cosmos-othoniel-ou-les-fantomes-de-lamour\/\\\" target=\\\"_blank\\\" data-cke-saved-href=\\\"https:\/\/palais-des-papes.com\/event\/cosmos-othoniel-ou-les-fantomes-de-lamour\/\\\">Palais des Papes<\/a>, Avignon<br \/>June 28, 2025 - January 4, 2026\u00a0<br \/><br \/><\/p><p>\u00a0<\/p><p>\u00a0<\/p><p>\u00a0<\/p><p>\u00a0<\/p><p>\u00a0<\/p><p style=\\\"text-align: center;\\\"><a class=\\\"laybutton1 laybutton\\\" href=\\\"https:\/\/www.michaelwoolworth.com\/exhibitions\/\\\" data-type=\\\"page\\\" data-id=\\\"3327\\\" data-title=\\\"Exhibitions\\\">See all exhibitions<\/a><\/p>\",\r\n      \"align\": \"top\",\r\n      \"row\": 2,\r\n      \"col\": 0,\r\n      \"colspan\": 6,\r\n      \"offsetx\": 0,\r\n      \"offsety\": 0,\r\n      \"spaceabove\": 0,\r\n      \"spacebelow\": 0,\r\n      \"yvel\": 1,\r\n      \"push\": 0,\r\n      \"relid\": 9,\r\n      \"absolute_position\": false,\r\n      \"frameOverflow\": \"\"\r\n    },\r\n    {\r\n      \"type\": \"text\",\r\n      \"cont\": \"<p class=\\\"_Default\\\" style=\\\"text-align: center;\\\"><span class=\\\"_XL\\\">HOT STOVE<\/span><br \/>Current projects underway:<\/p><p class=\\\"_Default\\\">\u2013 A suite of monotypes by Claire Chesnier<br \/><br \/>\u2013 An etching by Pierre Mabille<br \/><br \/>\u2013 4 etchings by M\u00e9lanie Delattre-Vogt<br \/><br \/>\u2013 A photogravure lithograph by Farhad Ostovani<br \/><br \/>\u2013 A set of 6 lithographs by Farhad Ostovani<br \/><br \/>\u2013 A <em>mani\u00e8re noire<\/em> lithograph by Philippe Favier<br \/><br \/>\u2013 A 120\u00d780cm lithograph by Fr\u00e9d\u00e9rique Loutz<br \/><br \/>\u2013 A 90\u00d763cm lithograph by Miquel Mont on Flamenco 45rpm cover designs<br \/><br \/>\u2013 A road trip litho series by Johann Rivat in situ the USA<br \/><br \/>\u2013 Artist book by St\u00e9phane Bordarier with poems by Fr\u00e9d\u00e9ric Forte<br \/><br \/>\u2013 <em>Disko Bugt<\/em>, an artist book by Peter Soriano<\/p>\",\r\n      \"align\": \"top\",\r\n      \"row\": 2,\r\n      \"col\": 6,\r\n      \"colspan\": 6,\r\n      \"offsetx\": 0,\r\n      \"offsety\": 0,\r\n      \"spaceabove\": 0,\r\n      \"spacebelow\": 0,\r\n      \"yvel\": 1,\r\n      \"push\": 0,\r\n      \"relid\": 10,\r\n      \"absolute_position\": false,\r\n      \"frameOverflow\": \"\"\r\n    }\r\n  ]\r\n}","phonegrid":"","_links":{"self":[{"href":"https:\/\/www.michaelwoolworth.com\/index.php?rest_route=\/wp\/v2\/pages\/3259"}],"collection":[{"href":"https:\/\/www.michaelwoolworth.com\/index.php?rest_route=\/wp\/v2\/pages"}],"about":[{"href":"https:\/\/www.michaelwoolworth.com\/index.php?rest_route=\/wp\/v2\/types\/page"}],"author":[{"embeddable":true,"href":"https:\/\/www.michaelwoolworth.com\/index.php?rest_route=\/wp\/v2\/users\/1"}],"replies":[{"embeddable":true,"href":"https:\/\/www.michaelwoolworth.com\/index.php?rest_route=%2Fwp%2Fv2%2Fcomments&post=3259"}],"version-history":[{"count":0,"href":"https:\/\/www.michaelwoolworth.com\/index.php?rest_route=\/wp\/v2\/pages\/3259\/revisions"}],"wp:attachment":[{"href":"https:\/\/www.michaelwoolworth.com\/index.php?rest_route=%2Fwp%2Fv2%2Fmedia&parent=3259"}],"curies":[{"name":"wp","href":"https:\/\/api.w.org\/{rel}","templated":true}]}}